{"id":13,"date":"2015-05-09T05:29:23","date_gmt":"2015-05-09T05:29:23","guid":{"rendered":"http:\/\/elinformanteperu.com\/?page_id=13"},"modified":"2021-02-01T11:32:52","modified_gmt":"2021-02-01T16:32:52","slug":"quienes-somos","status":"publish","type":"page","link":"https:\/\/elinformanteperu.com\/index.php\/quienes-somos\/","title":{"rendered":"Quienes somos"},"content":{"rendered":"\t\t<div data-elementor-type=\"wp-page\" data-elementor-id=\"13\" class=\"elementor elementor-13\">\n\t\t\t\t\t\t<section class=\"elementor-section elementor-top-section elementor-element elementor-element-26087162 elementor-section-boxed elementor-section-height-default elementor-section-height-default\" data-id=\"26087162\" data-element_type=\"section\" data-settings=\"{&quot;background_background&quot;:&quot;classic&quot;}\">\n\t\t\t\t\t\t<div class=\"elementor-container elementor-column-gap-default\">\n\t\t\t\t\t<div class=\"elementor-column elementor-col-100 elementor-top-column elementor-element elementor-element-23c4d1ca\" data-id=\"23c4d1ca\" data-element_type=\"column\">\n\t\t\t<div class=\"elementor-widget-wrap elementor-element-populated\">\n\t\t\t\t\t\t<div class=\"elementor-element elementor-element-2775fc1f elementor-widget elementor-widget-nav-menu\" data-id=\"2775fc1f\" data-element_type=\"widget\" data-widget_type=\"nav-menu.default\">\n\t\t\t\t<div class=\"elementor-widget-container\">\n\t\t\t\t\t \t\t\t\t<\/div>\n\t\t\t\t<\/div>\n\t\t\t\t\t<\/div>\n\t\t<\/div>\n\t\t\t\t\t<\/div>\n\t\t<\/section>\n\t\t\t\t<section class=\"elementor-section elementor-top-section elementor-element elementor-element-4dd63f2e elementor-section-boxed elementor-section-height-default elementor-section-height-default\" data-id=\"4dd63f2e\" data-element_type=\"section\" data-settings=\"{&quot;background_background&quot;:&quot;classic&quot;}\">\n\t\t\t\t\t\t<div class=\"elementor-container elementor-column-gap-default\">\n\t\t\t\t\t<div class=\"elementor-column elementor-col-100 elementor-top-column elementor-element elementor-element-130865f4\" data-id=\"130865f4\" data-element_type=\"column\">\n\t\t\t<div class=\"elementor-widget-wrap elementor-element-populated\">\n\t\t\t\t\t\t<div class=\"elementor-element elementor-element-536ff1bb elementor-widget elementor-widget-image\" data-id=\"536ff1bb\" data-element_type=\"widget\" data-widget_type=\"image.default\">\n\t\t\t\t<div class=\"elementor-widget-container\">\n\t\t\t\t\t\t\t\t\t\t\t\t\t\t\t\t<a href=\"http:\/\/elinformanteperu.com\/\">\n\t\t\t\t\t\t\t<img fetchpriority=\"high\" decoding=\"async\" width=\"1519\" height=\"450\" src=\"https:\/\/elinformanteperu.com\/wp-content\/uploads\/2020\/05\/Logo4.jpg\" class=\"attachment-full size-full wp-image-72488\" alt=\"\" srcset=\"https:\/\/elinformanteperu.com\/wp-content\/uploads\/2020\/05\/Logo4.jpg 1519w, https:\/\/elinformanteperu.com\/wp-content\/uploads\/2020\/05\/Logo4-300x89.jpg 300w, https:\/\/elinformanteperu.com\/wp-content\/uploads\/2020\/05\/Logo4-1024x303.jpg 1024w, https:\/\/elinformanteperu.com\/wp-content\/uploads\/2020\/05\/Logo4-768x228.jpg 768w\" sizes=\"(max-width: 1519px) 100vw, 1519px\" \/>\t\t\t\t\t\t\t\t<\/a>\n\t\t\t\t\t\t\t\t\t\t\t\t\t\t\t<\/div>\n\t\t\t\t<\/div>\n\t\t\t\t\t<\/div>\n\t\t<\/div>\n\t\t\t\t\t<\/div>\n\t\t<\/section>\n\t\t\t\t<section class=\"elementor-section elementor-top-section elementor-element elementor-element-7c984cad elementor-section-boxed elementor-section-height-default elementor-section-height-default\" data-id=\"7c984cad\" data-element_type=\"section\" data-settings=\"{&quot;background_background&quot;:&quot;classic&quot;}\">\n\t\t\t\t\t\t<div class=\"elementor-container elementor-column-gap-default\">\n\t\t\t\t\t<div class=\"elementor-column elementor-col-100 elementor-top-column elementor-element elementor-element-76baa9d8\" data-id=\"76baa9d8\" data-element_type=\"column\" data-settings=\"{&quot;background_background&quot;:&quot;classic&quot;}\">\n\t\t\t<div class=\"elementor-widget-wrap elementor-element-populated\">\n\t\t\t\t\t<div class=\"elementor-background-overlay\"><\/div>\n\t\t\t\t\t\t<div class=\"elementor-element elementor-element-50159f0b elementor-widget elementor-widget-nav-menu\" data-id=\"50159f0b\" data-element_type=\"widget\" data-widget_type=\"nav-menu.default\">\n\t\t\t\t<div class=\"elementor-widget-container\">\n\t\t\t\t\t \t\t\t\t<\/div>\n\t\t\t\t<\/div>\n\t\t\t\t\t<\/div>\n\t\t<\/div>\n\t\t\t\t\t<\/div>\n\t\t<\/section>\n\t\t\t\t<section class=\"elementor-section elementor-top-section elementor-element elementor-element-1e6235d elementor-section-boxed elementor-section-height-default elementor-section-height-default\" data-id=\"1e6235d\" data-element_type=\"section\" data-settings=\"{&quot;background_background&quot;:&quot;classic&quot;}\">\n\t\t\t\t\t\t<div class=\"elementor-container elementor-column-gap-default\">\n\t\t\t\t\t<div class=\"elementor-column elementor-col-100 elementor-top-column elementor-element elementor-element-d3b8eb7\" data-id=\"d3b8eb7\" data-element_type=\"column\" data-settings=\"{&quot;background_background&quot;:&quot;classic&quot;}\">\n\t\t\t<div class=\"elementor-widget-wrap elementor-element-populated\">\n\t\t\t\t\t\t<div class=\"elementor-element elementor-element-6be5ff4 elementor-widget elementor-widget-heading\" data-id=\"6be5ff4\" data-element_type=\"widget\" data-widget_type=\"heading.default\">\n\t\t\t\t<div class=\"elementor-widget-container\">\n\t\t\t\t\t<div class=\"elementor-heading-title elementor-size-default\"><p class=\"Estilo1 Estilo1\" style=\"text-align: justify\"><img decoding=\"async\" src=\"http:\/\/www.elinformanteperu.com\/imagenes\/somos_sup.jpg\" alt=\"\" \/><\/p>\n<p class=\"Estilo1 Estilo1\" style=\"text-align: justify\">\"<span style=\"color: #000000\"><strong>EL INFORMANTE<\/strong>\"\u00a0es una web informativa perteneciente al Grupo INFORMEDIOS SRL que fue creada el 07 de septiembre del 2001 por un grupo de estudiantes y egresados de Ciencias de la Comunicaci\u00f3n de dos universidades ubicadas en Lima- Per\u00fa.<\/span><\/p>\n<p class=\"Estilo1 Estilo1\" style=\"text-align: justify\"><span style=\"color: #000000\">Nuestra historia se remonta a las aulas universitarias, dado que, por inquietud e inter\u00e9s, por difundir noticias y comentar en medios virtuales se cre\u00f3 una peque\u00f1a p\u00e1gina en una solitaria web gratuita cuya direcci\u00f3n electr\u00f3nica era la siguiente: (www.elinformante.cjb.net).<\/span><\/p>\n<p class=\"Estilo1 Estilo1\" style=\"text-align: justify\"><a href=\"http:\/\/elinformanteperu.com\/wp-content\/uploads\/2015\/05\/elinformante-inicios2.jpg\"><img decoding=\"async\" class=\" size-full wp-image-78 aligncenter\" src=\"http:\/\/elinformanteperu.com\/wp-content\/uploads\/2015\/05\/elinformante-inicios2.jpg\" alt=\"elinformante-inicios2\" width=\"342\" height=\"410\" srcset=\"https:\/\/elinformanteperu.com\/wp-content\/uploads\/2015\/05\/elinformante-inicios2.jpg 342w, https:\/\/elinformanteperu.com\/wp-content\/uploads\/2015\/05\/elinformante-inicios2-250x300.jpg 250w\" sizes=\"(max-width: 342px) 100vw, 342px\" \/><\/a><\/p>\n<p class=\"Estilo1 Estilo1\" style=\"text-align: justify\"><span style=\"color: #000000\">El nombre de la web (<strong>El Informante<\/strong>) fue creaci\u00f3n de nuestro Editor General, Richard Manrique, quien junto a Karen Mart\u00ednez, Jefa de Redacci\u00f3n, fueron los responsables de los primeros pasos de esta aventura informativa.<\/span><\/p>\n<p class=\"Estilo1 Estilo1\" style=\"text-align: justify\"><span style=\"color: #000000\">Merced al empuje y a la decisi\u00f3n de sus editores es que se fueron plasmando nuevas ideas con nombres recurrentes ganando un sitio dentro de la red. Como an\u00e9cdota podemos comentar que, cuando se hizo la presentaci\u00f3n oficial con dominio propio, quisimos patentarlo, como simplemente \"elinformante.com\", ya con buenos ojos comerciales una transnacional, buscador de nombres de dominios, se hab\u00eda \u201capoderado\u201d del nombre y lo hizo suyo por espacio de diez a\u00f1os para comercializarlo, obviamente, por una buena cantidad de dinero.<\/span><\/p>\n<p class=\"Estilo1 Estilo1\" style=\"text-align: justify\"><a href=\"http:\/\/elinformanteperu.com\/wp-content\/uploads\/2015\/05\/elinformante-version2.jpg\"><img decoding=\"async\" class=\" size-full wp-image-73 aligncenter\" src=\"http:\/\/elinformanteperu.com\/wp-content\/uploads\/2015\/05\/elinformante-version2.jpg\" alt=\"elinformante-version2\" width=\"779\" height=\"666\" srcset=\"https:\/\/elinformanteperu.com\/wp-content\/uploads\/2015\/05\/elinformante-version2.jpg 779w, https:\/\/elinformanteperu.com\/wp-content\/uploads\/2015\/05\/elinformante-version2-300x256.jpg 300w\" sizes=\"(max-width: 779px) 100vw, 779px\" \/><\/a><\/p>\n<p class=\"Estilo1 Estilo1\" style=\"text-align: justify\"><span style=\"color: #000000\">Es as\u00ed que finalmente entramos oficialmente al punto.com, un 27 de mayo del 2004 con el nombre que ya ustedes conocen (<strong>www.elinformanteperu.com<\/strong>) y con todos los derechos correspondientes.<\/span><\/p>\n<p class=\"Estilo1 Estilo1\" style=\"text-align: justify\"><span style=\"color: #000000\">En la actualidad, el nombre \"<strong>EL INFORMANTE<\/strong>\" ha recorrido toda la red y ha sido tomado por otros colegas en el mundo entero, sea en blog, web y hasta en nombres y apelativos dentro de alg\u00fan foro virtual, Chat y hasta en los correos electr\u00f3nicos. En la actualidad existen columnas de opini\u00f3n. Incluso diarios con ese nombre. Hasta una telenovela colombiana llevaba ese t\u00edtulo.<\/span><\/p>\n<p class=\"Estilo1 Estilo1\" style=\"text-align: justify\"><a href=\"http:\/\/elinformanteperu.com\/wp-content\/uploads\/2015\/05\/elinformante3.jpg\"><img loading=\"lazy\" decoding=\"async\" class=\" size-full wp-image-74 aligncenter\" src=\"http:\/\/elinformanteperu.com\/wp-content\/uploads\/2015\/05\/elinformante3.jpg\" alt=\"elinformante3\" width=\"484\" height=\"227\" srcset=\"https:\/\/elinformanteperu.com\/wp-content\/uploads\/2015\/05\/elinformante3.jpg 484w, https:\/\/elinformanteperu.com\/wp-content\/uploads\/2015\/05\/elinformante3-300x141.jpg 300w\" sizes=\"(max-width: 484px) 100vw, 484px\" \/><\/a><\/p>\n<p style=\"text-align: center\" align=\"center\"><strong><span style=\"font-size: 18.0pt;font-family: 'Swis721 Blk BT'\">NUESTRO LEMA<\/span><\/strong><\/p>\n<span style=\"color: #000000\"><strong>Responsabilidad<\/strong>, <strong>Dedicaci\u00f3n y Tecnolog\u00eda<\/strong> aplicadas a cada una de las labores encomendadas.<\/span>\n<p style=\"text-align: justify\" align=\"left\"><a href=\"http:\/\/elinformanteperu.com\/wp-content\/uploads\/2015\/05\/elinformante-logo.jpg\"><img loading=\"lazy\" decoding=\"async\" class=\"alignnone size-full wp-image-75\" src=\"http:\/\/elinformanteperu.com\/wp-content\/uploads\/2015\/05\/elinformante-logo.jpg\" alt=\"elinformante-logo\" width=\"993\" height=\"106\" srcset=\"https:\/\/elinformanteperu.com\/wp-content\/uploads\/2015\/05\/elinformante-logo.jpg 993w, https:\/\/elinformanteperu.com\/wp-content\/uploads\/2015\/05\/elinformante-logo-300x32.jpg 300w\" sizes=\"(max-width: 993px) 100vw, 993px\" \/><\/a><\/p>\n<a href=\"http:\/\/elinformanteperu.com\/wp-content\/uploads\/2015\/05\/elinformante4.jpg\"><img loading=\"lazy\" decoding=\"async\" class=\" size-full wp-image-76 aligncenter\" src=\"http:\/\/elinformanteperu.com\/wp-content\/uploads\/2015\/05\/elinformante4.jpg\" alt=\"elinformante4\" width=\"542\" height=\"76\" srcset=\"https:\/\/elinformanteperu.com\/wp-content\/uploads\/2015\/05\/elinformante4.jpg 542w, https:\/\/elinformanteperu.com\/wp-content\/uploads\/2015\/05\/elinformante4-300x42.jpg 300w\" sizes=\"(max-width: 542px) 100vw, 542px\" \/><\/a><\/div>\t\t\t\t<\/div>\n\t\t\t\t<\/div>\n\t\t\t\t\t<\/div>\n\t\t<\/div>\n\t\t\t\t\t<\/div>\n\t\t<\/section>\n\t\t\t\t<section class=\"elementor-section elementor-top-section elementor-element elementor-element-328dc93 elementor-section-boxed elementor-section-height-default elementor-section-height-default\" data-id=\"328dc93\" data-element_type=\"section\" data-settings=\"{&quot;background_background&quot;:&quot;classic&quot;}\">\n\t\t\t\t\t\t<div class=\"elementor-container elementor-column-gap-default\">\n\t\t\t\t\t<div class=\"elementor-column elementor-col-100 elementor-top-column elementor-element elementor-element-48cc3cf8\" data-id=\"48cc3cf8\" data-element_type=\"column\">\n\t\t\t<div class=\"elementor-widget-wrap elementor-element-populated\">\n\t\t\t\t\t\t<div class=\"elementor-element elementor-element-6e9a2172 elementor-widget elementor-widget-heading\" data-id=\"6e9a2172\" data-element_type=\"widget\" data-widget_type=\"heading.default\">\n\t\t\t\t<div class=\"elementor-widget-container\">\n\t\t\t\t\t<div class=\"elementor-heading-title elementor-size-small\">Copyright 2020 - El Informante Peru.<\/div>\t\t\t\t<\/div>\n\t\t\t\t<\/div>\n\t\t\t\t\t<\/div>\n\t\t<\/div>\n\t\t\t\t\t<\/div>\n\t\t<\/section>\n\t\t\t\t<\/div>\n\t\t","protected":false},"excerpt":{"rendered":"<p>\u00abEL INFORMANTE\u00bb\u00a0es una web informativa perteneciente al Grupo INFORMEDIOS SRL que fue creada el 07 de septiembre del 2001 por un grupo de estudiantes y egresados de Ciencias de la Comunicaci\u00f3n de dos universidades ubicadas en Lima- Per\u00fa. Nuestra historia se remonta a las aulas universitarias, dado que, por inquietud e inter\u00e9s, por difundir noticias [&hellip;]<\/p>\n","protected":false},"author":1,"featured_media":0,"parent":0,"menu_order":0,"comment_status":"closed","ping_status":"closed","template":"elementor_canvas","meta":{"rop_custom_images_group":[],"rop_custom_messages_group":[],"rop_publish_now":"initial","rop_publish_now_accounts":[],"rop_publish_now_history":[],"rop_publish_now_status":"pending","footnotes":""},"class_list":["post-13","page","type-page","status-publish","hentry"],"_links":{"self":[{"href":"https:\/\/elinformanteperu.com\/index.php\/wp-json\/wp\/v2\/pages\/13","targetHints":{"allow":["GET"]}}],"collection":[{"href":"https:\/\/elinformanteperu.com\/index.php\/wp-json\/wp\/v2\/pages"}],"about":[{"href":"https:\/\/elinformanteperu.com\/index.php\/wp-json\/wp\/v2\/types\/page"}],"author":[{"embeddable":true,"href":"https:\/\/elinformanteperu.com\/index.php\/wp-json\/wp\/v2\/users\/1"}],"replies":[{"embeddable":true,"href":"https:\/\/elinformanteperu.com\/index.php\/wp-json\/wp\/v2\/comments?post=13"}],"version-history":[{"count":25,"href":"https:\/\/elinformanteperu.com\/index.php\/wp-json\/wp\/v2\/pages\/13\/revisions"}],"predecessor-version":[{"id":79781,"href":"https:\/\/elinformanteperu.com\/index.php\/wp-json\/wp\/v2\/pages\/13\/revisions\/79781"}],"wp:attachment":[{"href":"https:\/\/elinformanteperu.com\/index.php\/wp-json\/wp\/v2\/media?parent=13"}],"curies":[{"name":"wp","href":"https:\/\/api.w.org\/{rel}","templated":true}]}}